{"id":1910,"date":"2023-05-24T03:02:26","date_gmt":"2023-05-24T03:02:26","guid":{"rendered":"http:\/\/celg.monamedia.net\/trang-chu\/"},"modified":"2023-07-03T03:23:56","modified_gmt":"2023-07-03T03:23:56","slug":"trang-chu","status":"publish","type":"page","link":"https:\/\/celg.monamedia.net\/en\/","title":{"rendered":"Home"},"content":{"rendered":"","protected":false},"excerpt":{"rendered":"","protected":false},"author":1,"featured_media":1741,"parent":0,"menu_order":0,"comment_status":"closed","ping_status":"closed","template":"page-template\/home-template.php","meta":{"inline_featured_image":false},"acf":[],"yoast_head":"<!-- This site is optimized with the Yoast SEO plugin v20.8 - https:\/\/yoast.com\/wordpress\/plugins\/seo\/ -->\n<title>Tr\u01b0\u1eddng Kinh t\u1ebf, Lu\u1eadt v\u00e0 Qu\u1ea3n l\u00fd nh\u00e0 n\u01b0\u1edbc UEH (UEH \u2013 College of Economics, Law and Government)<\/title>\n<meta name=\"description\" content=\"H\u01b0\u1edbng \u0111\u1ebfn \u0110\u1ea1i h\u1ecdc t\u01b0\u01a1ng lai: \u0110\u1ea1i h\u1ecdc \u0111a ng\u00e0nh v\u00e0 b\u1ec1n v\u1eefng UEH mong mu\u1ed1n tr\u1edf th\u00e0nh ng\u01b0\u1eddi b\u1ea1n \u0111\u1ed3ng h\u00e0nh\" \/>\n<meta name=\"robots\" content=\"index, follow, max-snippet:-1, max-image-preview:large, max-video-preview:-1\" \/>\n<link rel=\"canonical\" href=\"http:\/\/celg.monamedia.net\/en\/\" \/>\n<meta property=\"og:locale\" content=\"en_US\" \/>\n<meta property=\"og:type\" content=\"article\" \/>\n<meta property=\"og:title\" content=\"Tr\u01b0\u1eddng Kinh t\u1ebf, Lu\u1eadt v\u00e0 Qu\u1ea3n l\u00fd nh\u00e0 n\u01b0\u1edbc UEH (UEH \u2013 College of Economics, Law and Government)\" \/>\n<meta property=\"og:description\" content=\"H\u01b0\u1edbng \u0111\u1ebfn \u0110\u1ea1i h\u1ecdc t\u01b0\u01a1ng lai: \u0110\u1ea1i h\u1ecdc \u0111a ng\u00e0nh v\u00e0 b\u1ec1n v\u1eefng UEH mong mu\u1ed1n tr\u1edf th\u00e0nh ng\u01b0\u1eddi b\u1ea1n \u0111\u1ed3ng h\u00e0nh\" \/>\n<meta property=\"og:url\" content=\"http:\/\/celg.monamedia.net\/en\/\" \/>\n<meta property=\"og:site_name\" content=\"Tr\u01b0\u1eddng Kinh t\u1ebf, Lu\u1eadt v\u00e0 Qu\u1ea3n l\u00fd nh\u00e0 n\u01b0\u1edbc UEH (UEH \u2013 College of Economics, Law and Government)\" \/>\n<meta property=\"article:modified_time\" content=\"2023-07-03T03:23:56+00:00\" \/>\n<meta property=\"og:image\" content=\"http:\/\/celg.monamedia.net\/wp-content\/uploads\/2023\/05\/banner-img-1.png\" \/>\n\t<meta property=\"og:image:width\" content=\"1728\" \/>\n\t<meta property=\"og:image:height\" content=\"500\" \/>\n\t<meta property=\"og:image:type\" content=\"image\/png\" \/>\n<meta name=\"twitter:card\" content=\"summary_large_image\" \/>\n<meta name=\"twitter:title\" content=\"Tr\u01b0\u1eddng Kinh t\u1ebf, Lu\u1eadt v\u00e0 Qu\u1ea3n l\u00fd nh\u00e0 n\u01b0\u1edbc UEH (UEH \u2013 College of Economics, Law and Government)\" \/>\n<meta name=\"twitter:description\" content=\"H\u01b0\u1edbng \u0111\u1ebfn \u0110\u1ea1i h\u1ecdc t\u01b0\u01a1ng lai: \u0110\u1ea1i h\u1ecdc \u0111a ng\u00e0nh v\u00e0 b\u1ec1n v\u1eefng UEH mong mu\u1ed1n tr\u1edf th\u00e0nh ng\u01b0\u1eddi b\u1ea1n \u0111\u1ed3ng h\u00e0nh\" \/>\n<meta name=\"twitter:image\" content=\"https:\/\/celg.monamedia.net\/wp-content\/uploads\/2023\/05\/banner-img-1.png\" \/>\n<script type=\"application\/ld+json\" class=\"yoast-schema-graph\">{\"@context\":\"https:\/\/schema.org\",\"@graph\":[{\"@type\":\"WebPage\",\"@id\":\"http:\/\/celg.monamedia.net\/en\/\",\"url\":\"http:\/\/celg.monamedia.net\/en\/\",\"name\":\"Tr\u01b0\u1eddng Kinh t\u1ebf, Lu\u1eadt v\u00e0 Qu\u1ea3n l\u00fd nh\u00e0 n\u01b0\u1edbc UEH (UEH \u2013 College of Economics, Law and Government)\",\"isPartOf\":{\"@id\":\"http:\/\/celg.monamedia.net\/#website\"},\"datePublished\":\"2023-05-24T03:02:26+00:00\",\"dateModified\":\"2023-07-03T03:23:56+00:00\",\"description\":\"H\u01b0\u1edbng \u0111\u1ebfn \u0110\u1ea1i h\u1ecdc t\u01b0\u01a1ng lai: \u0110\u1ea1i h\u1ecdc \u0111a ng\u00e0nh v\u00e0 b\u1ec1n v\u1eefng UEH mong mu\u1ed1n tr\u1edf th\u00e0nh ng\u01b0\u1eddi b\u1ea1n \u0111\u1ed3ng h\u00e0nh\",\"breadcrumb\":{\"@id\":\"http:\/\/celg.monamedia.net\/en\/#breadcrumb\"},\"inLanguage\":\"en-US\",\"potentialAction\":[{\"@type\":\"ReadAction\",\"target\":[\"http:\/\/celg.monamedia.net\/en\/\"]}]},{\"@type\":\"BreadcrumbList\",\"@id\":\"http:\/\/celg.monamedia.net\/en\/#breadcrumb\",\"itemListElement\":[{\"@type\":\"ListItem\",\"position\":1,\"name\":\"Trang ch\u1ee7\",\"item\":\"http:\/\/celg.monamedia.net\/en\/\"},{\"@type\":\"ListItem\",\"position\":2,\"name\":\"Home\"}]},{\"@type\":\"WebSite\",\"@id\":\"http:\/\/celg.monamedia.net\/#website\",\"url\":\"http:\/\/celg.monamedia.net\/\",\"name\":\"Tr\u01b0\u1eddng Kinh t\u1ebf, Lu\u1eadt v\u00e0 Qu\u1ea3n l\u00fd nh\u00e0 n\u01b0\u1edbc UEH (UEH \u2013 College of Economics, Law and Government)\",\"description\":\"H\u01b0\u1edbng \u0111\u1ebfn \u0110\u1ea1i h\u1ecdc t\u01b0\u01a1ng lai: \u0110\u1ea1i h\u1ecdc \u0111a ng\u00e0nh v\u00e0 b\u1ec1n v\u1eefng UEH mong mu\u1ed1n tr\u1edf th\u00e0nh ng\u01b0\u1eddi b\u1ea1n \u0111\u1ed3ng h\u00e0nh\",\"publisher\":{\"@id\":\"http:\/\/celg.monamedia.net\/#organization\"},\"potentialAction\":[{\"@type\":\"SearchAction\",\"target\":{\"@type\":\"EntryPoint\",\"urlTemplate\":\"http:\/\/celg.monamedia.net\/?s={search_term_string}\"},\"query-input\":\"required name=search_term_string\"}],\"inLanguage\":\"en-US\"},{\"@type\":\"Organization\",\"@id\":\"http:\/\/celg.monamedia.net\/#organization\",\"name\":\"Tr\u01b0\u1eddng Kinh t\u1ebf, Lu\u1eadt v\u00e0 Qu\u1ea3n l\u00fd nh\u00e0 n\u01b0\u1edbc UEH (UEH \u2013 College of Economics, Law and Government)\",\"url\":\"http:\/\/celg.monamedia.net\/\",\"logo\":{\"@type\":\"ImageObject\",\"inLanguage\":\"en-US\",\"@id\":\"http:\/\/celg.monamedia.net\/#\/schema\/logo\/image\/\",\"url\":\"https:\/\/celg.monamedia.net\/wp-content\/uploads\/2023\/05\/logo.svg\",\"contentUrl\":\"https:\/\/celg.monamedia.net\/wp-content\/uploads\/2023\/05\/logo.svg\",\"width\":279,\"height\":72,\"caption\":\"Tr\u01b0\u1eddng Kinh t\u1ebf, Lu\u1eadt v\u00e0 Qu\u1ea3n l\u00fd nh\u00e0 n\u01b0\u1edbc UEH (UEH \u2013 College of Economics, Law and Government)\"},\"image\":{\"@id\":\"http:\/\/celg.monamedia.net\/#\/schema\/logo\/image\/\"}}]}<\/script>\n<!-- \/ Yoast SEO plugin. -->","yoast_head_json":{"title":"Tr\u01b0\u1eddng Kinh t\u1ebf, Lu\u1eadt v\u00e0 Qu\u1ea3n l\u00fd nh\u00e0 n\u01b0\u1edbc UEH (UEH \u2013 College of Economics, Law and Government)","description":"H\u01b0\u1edbng \u0111\u1ebfn \u0110\u1ea1i h\u1ecdc t\u01b0\u01a1ng lai: \u0110\u1ea1i h\u1ecdc \u0111a ng\u00e0nh v\u00e0 b\u1ec1n v\u1eefng UEH mong mu\u1ed1n tr\u1edf th\u00e0nh ng\u01b0\u1eddi b\u1ea1n \u0111\u1ed3ng h\u00e0nh","robots":{"index":"index","follow":"follow","max-snippet":"max-snippet:-1","max-image-preview":"max-image-preview:large","max-video-preview":"max-video-preview:-1"},"canonical":"http:\/\/celg.monamedia.net\/en\/","og_locale":"en_US","og_type":"article","og_title":"Tr\u01b0\u1eddng Kinh t\u1ebf, Lu\u1eadt v\u00e0 Qu\u1ea3n l\u00fd nh\u00e0 n\u01b0\u1edbc UEH (UEH \u2013 College of Economics, Law and Government)","og_description":"H\u01b0\u1edbng \u0111\u1ebfn \u0110\u1ea1i h\u1ecdc t\u01b0\u01a1ng lai: \u0110\u1ea1i h\u1ecdc \u0111a ng\u00e0nh v\u00e0 b\u1ec1n v\u1eefng UEH mong mu\u1ed1n tr\u1edf th\u00e0nh ng\u01b0\u1eddi b\u1ea1n \u0111\u1ed3ng h\u00e0nh","og_url":"http:\/\/celg.monamedia.net\/en\/","og_site_name":"Tr\u01b0\u1eddng Kinh t\u1ebf, Lu\u1eadt v\u00e0 Qu\u1ea3n l\u00fd nh\u00e0 n\u01b0\u1edbc UEH (UEH \u2013 College of Economics, Law and Government)","article_modified_time":"2023-07-03T03:23:56+00:00","og_image":[{"width":1728,"height":500,"url":"http:\/\/celg.monamedia.net\/wp-content\/uploads\/2023\/05\/banner-img-1.png","type":"image\/png"}],"twitter_card":"summary_large_image","twitter_title":"Tr\u01b0\u1eddng Kinh t\u1ebf, Lu\u1eadt v\u00e0 Qu\u1ea3n l\u00fd nh\u00e0 n\u01b0\u1edbc UEH (UEH \u2013 College of Economics, Law and Government)","twitter_description":"H\u01b0\u1edbng \u0111\u1ebfn \u0110\u1ea1i h\u1ecdc t\u01b0\u01a1ng lai: \u0110\u1ea1i h\u1ecdc \u0111a ng\u00e0nh v\u00e0 b\u1ec1n v\u1eefng UEH mong mu\u1ed1n tr\u1edf th\u00e0nh ng\u01b0\u1eddi b\u1ea1n \u0111\u1ed3ng h\u00e0nh","twitter_image":"https:\/\/celg.monamedia.net\/wp-content\/uploads\/2023\/05\/banner-img-1.png","schema":{"@context":"https:\/\/schema.org","@graph":[{"@type":"WebPage","@id":"http:\/\/celg.monamedia.net\/en\/","url":"http:\/\/celg.monamedia.net\/en\/","name":"Tr\u01b0\u1eddng Kinh t\u1ebf, Lu\u1eadt v\u00e0 Qu\u1ea3n l\u00fd nh\u00e0 n\u01b0\u1edbc UEH (UEH \u2013 College of Economics, Law and Government)","isPartOf":{"@id":"http:\/\/celg.monamedia.net\/#website"},"datePublished":"2023-05-24T03:02:26+00:00","dateModified":"2023-07-03T03:23:56+00:00","description":"H\u01b0\u1edbng \u0111\u1ebfn \u0110\u1ea1i h\u1ecdc t\u01b0\u01a1ng lai: \u0110\u1ea1i h\u1ecdc \u0111a ng\u00e0nh v\u00e0 b\u1ec1n v\u1eefng UEH mong mu\u1ed1n tr\u1edf th\u00e0nh ng\u01b0\u1eddi b\u1ea1n \u0111\u1ed3ng h\u00e0nh","breadcrumb":{"@id":"http:\/\/celg.monamedia.net\/en\/#breadcrumb"},"inLanguage":"en-US","potentialAction":[{"@type":"ReadAction","target":["http:\/\/celg.monamedia.net\/en\/"]}]},{"@type":"BreadcrumbList","@id":"http:\/\/celg.monamedia.net\/en\/#breadcrumb","itemListElement":[{"@type":"ListItem","position":1,"name":"Trang ch\u1ee7","item":"http:\/\/celg.monamedia.net\/en\/"},{"@type":"ListItem","position":2,"name":"Home"}]},{"@type":"WebSite","@id":"http:\/\/celg.monamedia.net\/#website","url":"http:\/\/celg.monamedia.net\/","name":"Tr\u01b0\u1eddng Kinh t\u1ebf, Lu\u1eadt v\u00e0 Qu\u1ea3n l\u00fd nh\u00e0 n\u01b0\u1edbc UEH (UEH \u2013 College of Economics, Law and Government)","description":"H\u01b0\u1edbng \u0111\u1ebfn \u0110\u1ea1i h\u1ecdc t\u01b0\u01a1ng lai: \u0110\u1ea1i h\u1ecdc \u0111a ng\u00e0nh v\u00e0 b\u1ec1n v\u1eefng UEH mong mu\u1ed1n tr\u1edf th\u00e0nh ng\u01b0\u1eddi b\u1ea1n \u0111\u1ed3ng h\u00e0nh","publisher":{"@id":"http:\/\/celg.monamedia.net\/#organization"},"potentialAction":[{"@type":"SearchAction","target":{"@type":"EntryPoint","urlTemplate":"http:\/\/celg.monamedia.net\/?s={search_term_string}"},"query-input":"required name=search_term_string"}],"inLanguage":"en-US"},{"@type":"Organization","@id":"http:\/\/celg.monamedia.net\/#organization","name":"Tr\u01b0\u1eddng Kinh t\u1ebf, Lu\u1eadt v\u00e0 Qu\u1ea3n l\u00fd nh\u00e0 n\u01b0\u1edbc UEH (UEH \u2013 College of Economics, Law and Government)","url":"http:\/\/celg.monamedia.net\/","logo":{"@type":"ImageObject","inLanguage":"en-US","@id":"http:\/\/celg.monamedia.net\/#\/schema\/logo\/image\/","url":"https:\/\/celg.monamedia.net\/wp-content\/uploads\/2023\/05\/logo.svg","contentUrl":"https:\/\/celg.monamedia.net\/wp-content\/uploads\/2023\/05\/logo.svg","width":279,"height":72,"caption":"Tr\u01b0\u1eddng Kinh t\u1ebf, Lu\u1eadt v\u00e0 Qu\u1ea3n l\u00fd nh\u00e0 n\u01b0\u1edbc UEH (UEH \u2013 College of Economics, Law and Government)"},"image":{"@id":"http:\/\/celg.monamedia.net\/#\/schema\/logo\/image\/"}}]}},"_links":{"self":[{"href":"https:\/\/celg.monamedia.net\/en\/wp-json\/wp\/v2\/pages\/1910"}],"collection":[{"href":"https:\/\/celg.monamedia.net\/en\/wp-json\/wp\/v2\/pages"}],"about":[{"href":"https:\/\/celg.monamedia.net\/en\/wp-json\/wp\/v2\/types\/page"}],"author":[{"embeddable":true,"href":"https:\/\/celg.monamedia.net\/en\/wp-json\/wp\/v2\/users\/1"}],"replies":[{"embeddable":true,"href":"https:\/\/celg.monamedia.net\/en\/wp-json\/wp\/v2\/comments?post=1910"}],"version-history":[{"count":7,"href":"https:\/\/celg.monamedia.net\/en\/wp-json\/wp\/v2\/pages\/1910\/revisions"}],"predecessor-version":[{"id":2379,"href":"https:\/\/celg.monamedia.net\/en\/wp-json\/wp\/v2\/pages\/1910\/revisions\/2379"}],"wp:featuredmedia":[{"embeddable":true,"href":"https:\/\/celg.monamedia.net\/en\/wp-json\/wp\/v2\/media\/1741"}],"wp:attachment":[{"href":"https:\/\/celg.monamedia.net\/en\/wp-json\/wp\/v2\/media?parent=1910"}],"curies":[{"name":"wp","href":"https:\/\/api.w.org\/{rel}","templated":true}]}}